{"id":848,"date":"2024-08-14T14:14:35","date_gmt":"2024-08-14T12:14:35","guid":{"rendered":"https:\/\/www.pierreterouannecoaching.fr\/?page_id=848"},"modified":"2024-08-19T23:27:50","modified_gmt":"2024-08-19T21:27:50","slug":"tolpar-2","status":"publish","type":"page","link":"https:\/\/www.pierreterouanneformations.fr\/index.php\/tolpar-2\/","title":{"rendered":"Tolpar"},"content":{"rendered":"\t\t<div data-elementor-type=\"wp-page\" data-elementor-id=\"848\" class=\"elementor elementor-848\">\n\t\t\t\t<div class=\"elementor-element elementor-element-bc00906 e-flex e-con-boxed e-con e-parent\" data-id=\"bc00906\" data-element_type=\"container\" data-e-type=\"container\">\n\t\t\t\t\t<div class=\"e-con-inner\">\n\t\t<div class=\"elementor-element elementor-element-16d3f2c e-con-full e-flex e-con e-child\" data-id=\"16d3f2c\" data-element_type=\"container\" data-e-type=\"container\">\n\t\t\t\t<div class=\"elementor-element elementor-element-5fa0773 elementor-widget elementor-widget-video\" data-id=\"5fa0773\" data-element_type=\"widget\" data-e-type=\"widget\" data-settings=\"{&quot;video_type&quot;:&quot;hosted&quot;,&quot;controls&quot;:&quot;yes&quot;}\" data-widget_type=\"video.default\">\n\t\t\t\t<div class=\"elementor-widget-container\">\n\t\t\t\t\t\t\t<div class=\"e-hosted-video elementor-wrapper elementor-open-inline\">\n\t\t\t\t\t<video class=\"elementor-video\" src=\"http:\/\/www.pierreterouannecoaching.fr\/wp-content\/uploads\/2024\/08\/passage-tolpar-juillet-2022.mp4\" controls=\"\" preload=\"metadata\" controlsList=\"nodownload\"><\/video>\n\t\t\t\t<\/div>\n\t\t\t\t\t\t<\/div>\n\t\t\t\t<\/div>\n\t\t\t\t<\/div>\n\t\t<div class=\"elementor-element elementor-element-07dff2a e-con-full e-flex e-con e-child\" data-id=\"07dff2a\" data-element_type=\"container\" data-e-type=\"container\">\n\t\t<div class=\"elementor-element elementor-element-90efd54 e-con-full e-flex e-con e-child\" data-id=\"90efd54\" data-element_type=\"container\" data-e-type=\"container\">\n\t\t\t\t<div class=\"elementor-element elementor-element-3a7008a elementor-widget elementor-widget-heading\" data-id=\"3a7008a\" data-element_type=\"widget\" data-e-type=\"widget\" data-widget_type=\"heading.default\">\n\t\t\t\t<div class=\"elementor-widget-container\">\n\t\t\t\t\t<h2 class=\"elementor-heading-title elementor-size-default\">Qu'est-ce que le TOLPAR et pourquoi je le pratique?<\/h2>\t\t\t\t<\/div>\n\t\t\t\t<\/div>\n\t\t\t\t<\/div>\n\t\t<div class=\"elementor-element elementor-element-1afd93b e-con-full e-flex e-con e-child\" data-id=\"1afd93b\" data-element_type=\"container\" data-e-type=\"container\">\n\t\t\t\t<div class=\"elementor-element elementor-element-b88debc elementor-widget elementor-widget-text-editor\" data-id=\"b88debc\" data-element_type=\"widget\" data-e-type=\"widget\" data-widget_type=\"text-editor.default\">\n\t\t\t\t<div class=\"elementor-widget-container\">\n\t\t\t\t\t\t\t\t\t<p class=\"font_8\">Le TOLPAR, ou escrime \u00e0 lame courte, est une technique de self-d\u00e9fense sp\u00e9cialis\u00e9e dans les attaques au couteau.<\/p><p class=\"font_8\">Je le pratique depuis plus d&rsquo;un an, et je suis d&rsquo;ailleurs devenu initiateur dans cette discipline. J&rsquo;ai d\u00e9couvert cette technique de self-d\u00e9fense par hasard, et je trouve son approche tr\u00e8s pertinente dans la pratique du krav-maga, notamment dans la d\u00e9fense face au couteau. J&rsquo;int\u00e8gre d&rsquo;ailleurs cette pratique dans mes coachings, car j&rsquo;estime que pour avoir une chance de survivre \u00e0 une attaque au couteau, il faut d&rsquo;abord savoir comment s&rsquo;en servir pour comprendre comment se d\u00e9fendre face \u00e0 ce type d&rsquo;agression.<\/p>\t\t\t\t\t\t\t\t<\/div>\n\t\t\t\t<\/div>\n\t\t\t\t<\/div>\n\t\t\t\t<\/div>\n\t\t\t\t\t<\/div>\n\t\t\t\t<\/div>\n\t\t<div class=\"elementor-element elementor-element-da72224 e-grid e-con-boxed e-con e-parent\" data-id=\"da72224\" data-element_type=\"container\" data-e-type=\"container\">\n\t\t\t\t\t<div class=\"e-con-inner\">\n\t\t\t\t<div class=\"elementor-element elementor-element-d7c62c0 elementor-widget elementor-widget-heading\" data-id=\"d7c62c0\" data-element_type=\"widget\" data-e-type=\"widget\" data-widget_type=\"heading.default\">\n\t\t\t\t<div class=\"elementor-widget-container\">\n\t\t\t\t\t<h2 class=\"elementor-heading-title elementor-size-default\">Open de France Tolpar 2022\n<\/h2>\t\t\t\t<\/div>\n\t\t\t\t<\/div>\n\t\t\t\t<div class=\"elementor-element elementor-element-bdfeade elementor-widget elementor-widget-video\" data-id=\"bdfeade\" data-element_type=\"widget\" data-e-type=\"widget\" data-settings=\"{&quot;video_type&quot;:&quot;hosted&quot;,&quot;controls&quot;:&quot;yes&quot;}\" data-widget_type=\"video.default\">\n\t\t\t\t<div class=\"elementor-widget-container\">\n\t\t\t\t\t\t\t<div class=\"e-hosted-video elementor-wrapper elementor-open-inline\">\n\t\t\t\t\t<video class=\"elementor-video\" src=\"http:\/\/www.pierreterouannecoaching.fr\/wp-content\/uploads\/2024\/08\/Tolpar-Open-De-France-Nord-15_05_22-F-GUILLAUME-vs-P-TERROUANE-_-Combat-couteau-escrime-lame-courte.mp4\" controls=\"\" preload=\"metadata\" controlsList=\"nodownload\"><\/video>\n\t\t\t\t<\/div>\n\t\t\t\t\t\t<\/div>\n\t\t\t\t<\/div>\n\t\t\t\t\t<\/div>\n\t\t\t\t<\/div>\n\t\t<div class=\"elementor-element elementor-element-da00efc e-grid e-con-boxed e-con e-parent\" data-id=\"da00efc\" data-element_type=\"container\" data-e-type=\"container\">\n\t\t\t\t\t<div class=\"e-con-inner\">\n\t\t\t\t<div class=\"elementor-element elementor-element-caeaa54 elementor-hidden-mobile elementor-widget elementor-widget-video\" data-id=\"caeaa54\" data-element_type=\"widget\" data-e-type=\"widget\" data-settings=\"{&quot;video_type&quot;:&quot;hosted&quot;,&quot;controls&quot;:&quot;yes&quot;}\" data-widget_type=\"video.default\">\n\t\t\t\t<div class=\"elementor-widget-container\">\n\t\t\t\t\t\t\t<div class=\"e-hosted-video elementor-wrapper elementor-open-inline\">\n\t\t\t\t\t<video class=\"elementor-video\" src=\"http:\/\/www.pierreterouannecoaching.fr\/wp-content\/uploads\/2024\/08\/Tolpar-Open-De-France-zone-Nord-_-Itw-Samourai-2000.mp4\" controls=\"\" preload=\"metadata\" controlsList=\"nodownload\"><\/video>\n\t\t\t\t<\/div>\n\t\t\t\t\t\t<\/div>\n\t\t\t\t<\/div>\n\t\t\t\t<div class=\"elementor-element elementor-element-2682bf2 elementor-widget elementor-widget-heading\" data-id=\"2682bf2\" data-element_type=\"widget\" data-e-type=\"widget\" data-widget_type=\"heading.default\">\n\t\t\t\t<div class=\"elementor-widget-container\">\n\t\t\t\t\t<h2 class=\"elementor-heading-title elementor-size-default\">Interview apr\u00e8s l'open de France 2022<\/h2>\t\t\t\t<\/div>\n\t\t\t\t<\/div>\n\t\t<div class=\"elementor-element elementor-element-572f919 e-con-full e-flex e-con e-child\" data-id=\"572f919\" data-element_type=\"container\" data-e-type=\"container\">\n\t\t\t\t<div class=\"elementor-element elementor-element-9cc9404 elementor-hidden-desktop elementor-hidden-tablet elementor-widget elementor-widget-video\" data-id=\"9cc9404\" data-element_type=\"widget\" data-e-type=\"widget\" data-settings=\"{&quot;video_type&quot;:&quot;hosted&quot;,&quot;controls&quot;:&quot;yes&quot;}\" data-widget_type=\"video.default\">\n\t\t\t\t<div class=\"elementor-widget-container\">\n\t\t\t\t\t\t\t<div class=\"e-hosted-video elementor-wrapper elementor-open-inline\">\n\t\t\t\t\t<video class=\"elementor-video\" src=\"http:\/\/www.pierreterouannecoaching.fr\/wp-content\/uploads\/2024\/08\/Tolpar-Open-De-France-zone-Nord-_-Itw-Samourai-2000.mp4\" controls=\"\" preload=\"metadata\" controlsList=\"nodownload\"><\/video>\n\t\t\t\t<\/div>\n\t\t\t\t\t\t<\/div>\n\t\t\t\t<\/div>\n\t\t\t\t<\/div>\n\t\t\t\t\t<\/div>\n\t\t\t\t<\/div>\n\t\t<div class=\"elementor-element elementor-element-c2c1d99 e-flex e-con-boxed e-con e-parent\" data-id=\"c2c1d99\" data-element_type=\"container\" data-e-type=\"container\">\n\t\t\t\t\t<div class=\"e-con-inner\">\n\t\t<div class=\"elementor-element elementor-element-544d264 e-con-full e-flex e-con e-child\" data-id=\"544d264\" data-element_type=\"container\" data-e-type=\"container\">\n\t\t\t\t<div class=\"elementor-element elementor-element-60bd8b1 elementor-widget elementor-widget-spacer\" data-id=\"60bd8b1\" data-element_type=\"widget\" data-e-type=\"widget\" data-widget_type=\"spacer.default\">\n\t\t\t\t<div class=\"elementor-widget-container\">\n\t\t\t\t\t\t\t<div class=\"elementor-spacer\">\n\t\t\t<div class=\"elementor-spacer-inner\"><\/div>\n\t\t<\/div>\n\t\t\t\t\t\t<\/div>\n\t\t\t\t<\/div>\n\t\t\t\t<div class=\"elementor-element elementor-element-0d3440a elementor-widget elementor-widget-heading\" data-id=\"0d3440a\" data-element_type=\"widget\" data-e-type=\"widget\" data-widget_type=\"heading.default\">\n\t\t\t\t<div class=\"elementor-widget-container\">\n\t\t\t\t\t<h2 class=\"elementor-heading-title elementor-size-default\">Et parce que c'\u00e9tait un r\u00eave d'enfant, je me suis essay\u00e9 au combat m\u00e9di\u00e9val le temps de quelques combats<\/h2>\t\t\t\t<\/div>\n\t\t\t\t<\/div>\n\t\t\t\t<\/div>\n\t\t<div class=\"elementor-element elementor-element-8cab4cb e-con-full e-flex e-con e-child\" data-id=\"8cab4cb\" data-element_type=\"container\" data-e-type=\"container\">\n\t\t\t\t<div class=\"elementor-element elementor-element-c9d474c elementor-widget elementor-widget-image\" data-id=\"c9d474c\" data-element_type=\"widget\" data-e-type=\"widget\" data-widget_type=\"image.default\">\n\t\t\t\t<div class=\"elementor-widget-container\">\n\t\t\t\t\t\t\t\t\t\t\t\t\t\t\t<img fetchpriority=\"high\" decoding=\"async\" width=\"375\" height=\"500\" src=\"https:\/\/www.pierreterouanneformations.fr\/wp-content\/uploads\/2024\/08\/Combat-medieval-2-375x500.jpg\" class=\"attachment-large size-large wp-image-1087\" alt=\"\" srcset=\"https:\/\/www.pierreterouanneformations.fr\/wp-content\/uploads\/2024\/08\/Combat-medieval-2-375x500.jpg 375w, https:\/\/www.pierreterouanneformations.fr\/wp-content\/uploads\/2024\/08\/Combat-medieval-2-225x300.jpg 225w, https:\/\/www.pierreterouanneformations.fr\/wp-content\/uploads\/2024\/08\/Combat-medieval-2-768x1024.jpg 768w, https:\/\/www.pierreterouanneformations.fr\/wp-content\/uploads\/2024\/08\/Combat-medieval-2.jpg 843w\" sizes=\"(max-width: 375px) 100vw, 375px\" \/>\t\t\t\t\t\t\t\t\t\t\t\t\t\t\t<\/div>\n\t\t\t\t<\/div>\n\t\t\t\t<\/div>\n\t\t<div class=\"elementor-element elementor-element-14037af e-con-full e-flex e-con e-child\" data-id=\"14037af\" data-element_type=\"container\" data-e-type=\"container\">\n\t\t\t\t<div class=\"elementor-element elementor-element-f644172 elementor-widget elementor-widget-image\" data-id=\"f644172\" data-element_type=\"widget\" data-e-type=\"widget\" data-widget_type=\"image.default\">\n\t\t\t\t<div class=\"elementor-widget-container\">\n\t\t\t\t\t\t\t\t\t\t\t\t\t\t\t<img decoding=\"async\" width=\"375\" height=\"500\" src=\"https:\/\/www.pierreterouanneformations.fr\/wp-content\/uploads\/2024\/08\/292637196_5876075289074007_440708082024664516_n-1-375x500.jpg\" class=\"attachment-large size-large wp-image-1088\" alt=\"\" srcset=\"https:\/\/www.pierreterouanneformations.fr\/wp-content\/uploads\/2024\/08\/292637196_5876075289074007_440708082024664516_n-1-375x500.jpg 375w, https:\/\/www.pierreterouanneformations.fr\/wp-content\/uploads\/2024\/08\/292637196_5876075289074007_440708082024664516_n-1-225x300.jpg 225w, https:\/\/www.pierreterouanneformations.fr\/wp-content\/uploads\/2024\/08\/292637196_5876075289074007_440708082024664516_n-1-768x1024.jpg 768w, https:\/\/www.pierreterouanneformations.fr\/wp-content\/uploads\/2024\/08\/292637196_5876075289074007_440708082024664516_n-1-1152x1536.jpg 1152w, https:\/\/www.pierreterouanneformations.fr\/wp-content\/uploads\/2024\/08\/292637196_5876075289074007_440708082024664516_n-1.jpg 1536w\" sizes=\"(max-width: 375px) 100vw, 375px\" \/>\t\t\t\t\t\t\t\t\t\t\t\t\t\t\t<\/div>\n\t\t\t\t<\/div>\n\t\t\t\t<\/div>\n\t\t\t\t\t<\/div>\n\t\t\t\t<\/div>\n\t\t\t\t<\/div>\n\t\t","protected":false},"excerpt":{"rendered":"<p>http:\/\/www.pierreterouannecoaching.fr\/wp-content\/uploads\/2024\/08\/passage-tolpar-juillet-2022.mp4 Qu&rsquo;est-ce que le TOLPAR et pourquoi je le pratique? Le TOLPAR, ou escrime \u00e0 lame courte, est une technique de self-d\u00e9fense sp\u00e9cialis\u00e9e dans les attaques au couteau. Je le pratique depuis plus d&rsquo;un an, et je suis d&rsquo;ailleurs devenu initiateur dans cette discipline. J&rsquo;ai d\u00e9couvert cette technique de self-d\u00e9fense par hasard, et je trouve [&hellip;]<\/p>\n","protected":false},"author":1,"featured_media":0,"parent":0,"menu_order":0,"comment_status":"closed","ping_status":"closed","template":"","meta":{"_eb_attr":"","ocean_post_layout":"","ocean_both_sidebars_style":"","ocean_both_sidebars_content_width":0,"ocean_both_sidebars_sidebars_width":0,"ocean_sidebar":"","ocean_second_sidebar":"","ocean_disable_margins":"enable","ocean_add_body_class":"","ocean_shortcode_before_top_bar":"","ocean_shortcode_after_top_bar":"","ocean_shortcode_before_header":"","ocean_shortcode_after_header":"","ocean_has_shortcode":"","ocean_shortcode_after_title":"","ocean_shortcode_before_footer_widgets":"","ocean_shortcode_after_footer_widgets":"","ocean_shortcode_before_footer_bottom":"","ocean_shortcode_after_footer_bottom":"","ocean_display_top_bar":"default","ocean_display_header":"default","ocean_header_style":"","ocean_center_header_left_menu":"","ocean_custom_header_template":"","ocean_custom_logo":0,"ocean_custom_retina_logo":0,"ocean_custom_logo_max_width":0,"ocean_custom_logo_tablet_max_width":0,"ocean_custom_logo_mobile_max_width":0,"ocean_custom_logo_max_height":0,"ocean_custom_logo_tablet_max_height":0,"ocean_custom_logo_mobile_max_height":0,"ocean_header_custom_menu":"","ocean_menu_typo_font_family":"","ocean_menu_typo_font_subset":"","ocean_menu_typo_font_size":0,"ocean_menu_typo_font_size_tablet":0,"ocean_menu_typo_font_size_mobile":0,"ocean_menu_typo_font_size_unit":"px","ocean_menu_typo_font_weight":"","ocean_menu_typo_font_weight_tablet":"","ocean_menu_typo_font_weight_mobile":"","ocean_menu_typo_transform":"","ocean_menu_typo_transform_tablet":"","ocean_menu_typo_transform_mobile":"","ocean_menu_typo_line_height":0,"ocean_menu_typo_line_height_tablet":0,"ocean_menu_typo_line_height_mobile":0,"ocean_menu_typo_line_height_unit":"","ocean_menu_typo_spacing":0,"ocean_menu_typo_spacing_tablet":0,"ocean_menu_typo_spacing_mobile":0,"ocean_menu_typo_spacing_unit":"","ocean_menu_link_color":"","ocean_menu_link_color_hover":"","ocean_menu_link_color_active":"","ocean_menu_link_background":"","ocean_menu_link_hover_background":"","ocean_menu_link_active_background":"","ocean_menu_social_links_bg":"","ocean_menu_social_hover_links_bg":"","ocean_menu_social_links_color":"","ocean_menu_social_hover_links_color":"","ocean_disable_title":"default","ocean_disable_heading":"default","ocean_post_title":"","ocean_post_subheading":"","ocean_post_title_style":"","ocean_post_title_background_color":"","ocean_post_title_background":0,"ocean_post_title_bg_image_position":"","ocean_post_title_bg_image_attachment":"","ocean_post_title_bg_image_repeat":"","ocean_post_title_bg_image_size":"","ocean_post_title_height":0,"ocean_post_title_bg_overlay":0.5,"ocean_post_title_bg_overlay_color":"","ocean_disable_breadcrumbs":"default","ocean_breadcrumbs_color":"","ocean_breadcrumbs_separator_color":"","ocean_breadcrumbs_links_color":"","ocean_breadcrumbs_links_hover_color":"","ocean_display_footer_widgets":"default","ocean_display_footer_bottom":"default","ocean_custom_footer_template":"","footnotes":""},"class_list":["post-848","page","type-page","status-publish","hentry","entry"],"yoast_head":"<!-- This site is optimized with the Yoast SEO plugin v26.9 - https:\/\/yoast.com\/product\/yoast-seo-wordpress\/ -->\n<title>Tolpar - Pierre Terouanne Formations<\/title>\n<meta name=\"robots\" content=\"index, follow, max-snippet:-1, max-image-preview:large, max-video-preview:-1\" \/>\n<link rel=\"canonical\" href=\"https:\/\/www.pierreterouanneformations.fr\/index.php\/tolpar-2\/\" \/>\n<meta property=\"og:locale\" content=\"fr_FR\" \/>\n<meta property=\"og:type\" content=\"article\" \/>\n<meta property=\"og:title\" content=\"Tolpar - Pierre Terouanne Formations\" \/>\n<meta property=\"og:description\" content=\"http:\/\/www.pierreterouannecoaching.fr\/wp-content\/uploads\/2024\/08\/passage-tolpar-juillet-2022.mp4 Qu&rsquo;est-ce que le TOLPAR et pourquoi je le pratique? Le TOLPAR, ou escrime \u00e0 lame courte, est une technique de self-d\u00e9fense sp\u00e9cialis\u00e9e dans les attaques au couteau. Je le pratique depuis plus d&rsquo;un an, et je suis d&rsquo;ailleurs devenu initiateur dans cette discipline. J&rsquo;ai d\u00e9couvert cette technique de self-d\u00e9fense par hasard, et je trouve [&hellip;]\" \/>\n<meta property=\"og:url\" content=\"https:\/\/www.pierreterouanneformations.fr\/index.php\/tolpar-2\/\" \/>\n<meta property=\"og:site_name\" content=\"Pierre Terouanne Formations\" \/>\n<meta property=\"article:modified_time\" content=\"2024-08-19T21:27:50+00:00\" \/>\n<meta property=\"og:image\" content=\"http:\/\/www.pierreterouannecoaching.fr\/wp-content\/uploads\/2024\/08\/Combat-medieval-2-375x500.jpg\" \/>\n<meta name=\"twitter:card\" content=\"summary_large_image\" \/>\n<meta name=\"twitter:label1\" content=\"Dur\u00e9e de lecture estim\u00e9e\" \/>\n\t<meta name=\"twitter:data1\" content=\"2 minutes\" \/>\n<script type=\"application\/ld+json\" class=\"yoast-schema-graph\">{\"@context\":\"https:\/\/schema.org\",\"@graph\":[{\"@type\":\"WebPage\",\"@id\":\"https:\/\/www.pierreterouanneformations.fr\/index.php\/tolpar-2\/\",\"url\":\"https:\/\/www.pierreterouanneformations.fr\/index.php\/tolpar-2\/\",\"name\":\"Tolpar - Pierre Terouanne Formations\",\"isPartOf\":{\"@id\":\"https:\/\/www.pierreterouanneformations.fr\/#website\"},\"primaryImageOfPage\":{\"@id\":\"https:\/\/www.pierreterouanneformations.fr\/index.php\/tolpar-2\/#primaryimage\"},\"image\":{\"@id\":\"https:\/\/www.pierreterouanneformations.fr\/index.php\/tolpar-2\/#primaryimage\"},\"thumbnailUrl\":\"http:\/\/www.pierreterouannecoaching.fr\/wp-content\/uploads\/2024\/08\/Combat-medieval-2-375x500.jpg\",\"datePublished\":\"2024-08-14T12:14:35+00:00\",\"dateModified\":\"2024-08-19T21:27:50+00:00\",\"breadcrumb\":{\"@id\":\"https:\/\/www.pierreterouanneformations.fr\/index.php\/tolpar-2\/#breadcrumb\"},\"inLanguage\":\"fr-FR\",\"potentialAction\":[{\"@type\":\"ReadAction\",\"target\":[\"https:\/\/www.pierreterouanneformations.fr\/index.php\/tolpar-2\/\"]}]},{\"@type\":\"ImageObject\",\"inLanguage\":\"fr-FR\",\"@id\":\"https:\/\/www.pierreterouanneformations.fr\/index.php\/tolpar-2\/#primaryimage\",\"url\":\"http:\/\/www.pierreterouannecoaching.fr\/wp-content\/uploads\/2024\/08\/Combat-medieval-2-375x500.jpg\",\"contentUrl\":\"http:\/\/www.pierreterouannecoaching.fr\/wp-content\/uploads\/2024\/08\/Combat-medieval-2-375x500.jpg\"},{\"@type\":\"BreadcrumbList\",\"@id\":\"https:\/\/www.pierreterouanneformations.fr\/index.php\/tolpar-2\/#breadcrumb\",\"itemListElement\":[{\"@type\":\"ListItem\",\"position\":1,\"name\":\"Accueil\",\"item\":\"https:\/\/www.pierreterouanneformations.fr\/\"},{\"@type\":\"ListItem\",\"position\":2,\"name\":\"Tolpar\"}]},{\"@type\":\"WebSite\",\"@id\":\"https:\/\/www.pierreterouanneformations.fr\/#website\",\"url\":\"https:\/\/www.pierreterouanneformations.fr\/\",\"name\":\"Pierre Terouanne Formations\",\"description\":\"Pierre Terouanne Formations est un organisme de formation certifi\u00e9 qualiopi qui d\u00e9livre des formations en gestion de conflits, self-d\u00e9fense et bien-\u00eatre entreprise\",\"publisher\":{\"@id\":\"https:\/\/www.pierreterouanneformations.fr\/#organization\"},\"potentialAction\":[{\"@type\":\"SearchAction\",\"target\":{\"@type\":\"EntryPoint\",\"urlTemplate\":\"https:\/\/www.pierreterouanneformations.fr\/?s={search_term_string}\"},\"query-input\":{\"@type\":\"PropertyValueSpecification\",\"valueRequired\":true,\"valueName\":\"search_term_string\"}}],\"inLanguage\":\"fr-FR\"},{\"@type\":\"Organization\",\"@id\":\"https:\/\/www.pierreterouanneformations.fr\/#organization\",\"name\":\"Pierre Terouanne Formations\",\"url\":\"https:\/\/www.pierreterouanneformations.fr\/\",\"logo\":{\"@type\":\"ImageObject\",\"inLanguage\":\"fr-FR\",\"@id\":\"https:\/\/www.pierreterouanneformations.fr\/#\/schema\/logo\/image\/\",\"url\":\"https:\/\/www.pierreterouanneformations.fr\/wp-content\/uploads\/2025\/01\/cropped-Capture-decran-2025-01-01-102408.png\",\"contentUrl\":\"https:\/\/www.pierreterouanneformations.fr\/wp-content\/uploads\/2025\/01\/cropped-Capture-decran-2025-01-01-102408.png\",\"width\":323,\"height\":92,\"caption\":\"Pierre Terouanne Formations\"},\"image\":{\"@id\":\"https:\/\/www.pierreterouanneformations.fr\/#\/schema\/logo\/image\/\"}}]}<\/script>\n<!-- \/ Yoast SEO plugin. -->","yoast_head_json":{"title":"Tolpar - Pierre Terouanne Formations","robots":{"index":"index","follow":"follow","max-snippet":"max-snippet:-1","max-image-preview":"max-image-preview:large","max-video-preview":"max-video-preview:-1"},"canonical":"https:\/\/www.pierreterouanneformations.fr\/index.php\/tolpar-2\/","og_locale":"fr_FR","og_type":"article","og_title":"Tolpar - Pierre Terouanne Formations","og_description":"http:\/\/www.pierreterouannecoaching.fr\/wp-content\/uploads\/2024\/08\/passage-tolpar-juillet-2022.mp4 Qu&rsquo;est-ce que le TOLPAR et pourquoi je le pratique? Le TOLPAR, ou escrime \u00e0 lame courte, est une technique de self-d\u00e9fense sp\u00e9cialis\u00e9e dans les attaques au couteau. Je le pratique depuis plus d&rsquo;un an, et je suis d&rsquo;ailleurs devenu initiateur dans cette discipline. J&rsquo;ai d\u00e9couvert cette technique de self-d\u00e9fense par hasard, et je trouve [&hellip;]","og_url":"https:\/\/www.pierreterouanneformations.fr\/index.php\/tolpar-2\/","og_site_name":"Pierre Terouanne Formations","article_modified_time":"2024-08-19T21:27:50+00:00","og_image":[{"url":"http:\/\/www.pierreterouannecoaching.fr\/wp-content\/uploads\/2024\/08\/Combat-medieval-2-375x500.jpg","type":"","width":"","height":""}],"twitter_card":"summary_large_image","twitter_misc":{"Dur\u00e9e de lecture estim\u00e9e":"2 minutes"},"schema":{"@context":"https:\/\/schema.org","@graph":[{"@type":"WebPage","@id":"https:\/\/www.pierreterouanneformations.fr\/index.php\/tolpar-2\/","url":"https:\/\/www.pierreterouanneformations.fr\/index.php\/tolpar-2\/","name":"Tolpar - Pierre Terouanne Formations","isPartOf":{"@id":"https:\/\/www.pierreterouanneformations.fr\/#website"},"primaryImageOfPage":{"@id":"https:\/\/www.pierreterouanneformations.fr\/index.php\/tolpar-2\/#primaryimage"},"image":{"@id":"https:\/\/www.pierreterouanneformations.fr\/index.php\/tolpar-2\/#primaryimage"},"thumbnailUrl":"http:\/\/www.pierreterouannecoaching.fr\/wp-content\/uploads\/2024\/08\/Combat-medieval-2-375x500.jpg","datePublished":"2024-08-14T12:14:35+00:00","dateModified":"2024-08-19T21:27:50+00:00","breadcrumb":{"@id":"https:\/\/www.pierreterouanneformations.fr\/index.php\/tolpar-2\/#breadcrumb"},"inLanguage":"fr-FR","potentialAction":[{"@type":"ReadAction","target":["https:\/\/www.pierreterouanneformations.fr\/index.php\/tolpar-2\/"]}]},{"@type":"ImageObject","inLanguage":"fr-FR","@id":"https:\/\/www.pierreterouanneformations.fr\/index.php\/tolpar-2\/#primaryimage","url":"http:\/\/www.pierreterouannecoaching.fr\/wp-content\/uploads\/2024\/08\/Combat-medieval-2-375x500.jpg","contentUrl":"http:\/\/www.pierreterouannecoaching.fr\/wp-content\/uploads\/2024\/08\/Combat-medieval-2-375x500.jpg"},{"@type":"BreadcrumbList","@id":"https:\/\/www.pierreterouanneformations.fr\/index.php\/tolpar-2\/#breadcrumb","itemListElement":[{"@type":"ListItem","position":1,"name":"Accueil","item":"https:\/\/www.pierreterouanneformations.fr\/"},{"@type":"ListItem","position":2,"name":"Tolpar"}]},{"@type":"WebSite","@id":"https:\/\/www.pierreterouanneformations.fr\/#website","url":"https:\/\/www.pierreterouanneformations.fr\/","name":"Pierre Terouanne Formations","description":"Pierre Terouanne Formations est un organisme de formation certifi\u00e9 qualiopi qui d\u00e9livre des formations en gestion de conflits, self-d\u00e9fense et bien-\u00eatre entreprise","publisher":{"@id":"https:\/\/www.pierreterouanneformations.fr\/#organization"},"potentialAction":[{"@type":"SearchAction","target":{"@type":"EntryPoint","urlTemplate":"https:\/\/www.pierreterouanneformations.fr\/?s={search_term_string}"},"query-input":{"@type":"PropertyValueSpecification","valueRequired":true,"valueName":"search_term_string"}}],"inLanguage":"fr-FR"},{"@type":"Organization","@id":"https:\/\/www.pierreterouanneformations.fr\/#organization","name":"Pierre Terouanne Formations","url":"https:\/\/www.pierreterouanneformations.fr\/","logo":{"@type":"ImageObject","inLanguage":"fr-FR","@id":"https:\/\/www.pierreterouanneformations.fr\/#\/schema\/logo\/image\/","url":"https:\/\/www.pierreterouanneformations.fr\/wp-content\/uploads\/2025\/01\/cropped-Capture-decran-2025-01-01-102408.png","contentUrl":"https:\/\/www.pierreterouanneformations.fr\/wp-content\/uploads\/2025\/01\/cropped-Capture-decran-2025-01-01-102408.png","width":323,"height":92,"caption":"Pierre Terouanne Formations"},"image":{"@id":"https:\/\/www.pierreterouanneformations.fr\/#\/schema\/logo\/image\/"}}]}},"_links":{"self":[{"href":"https:\/\/www.pierreterouanneformations.fr\/index.php\/wp-json\/wp\/v2\/pages\/848","targetHints":{"allow":["GET"]}}],"collection":[{"href":"https:\/\/www.pierreterouanneformations.fr\/index.php\/wp-json\/wp\/v2\/pages"}],"about":[{"href":"https:\/\/www.pierreterouanneformations.fr\/index.php\/wp-json\/wp\/v2\/types\/page"}],"author":[{"embeddable":true,"href":"https:\/\/www.pierreterouanneformations.fr\/index.php\/wp-json\/wp\/v2\/users\/1"}],"replies":[{"embeddable":true,"href":"https:\/\/www.pierreterouanneformations.fr\/index.php\/wp-json\/wp\/v2\/comments?post=848"}],"version-history":[{"count":7,"href":"https:\/\/www.pierreterouanneformations.fr\/index.php\/wp-json\/wp\/v2\/pages\/848\/revisions"}],"predecessor-version":[{"id":1246,"href":"https:\/\/www.pierreterouanneformations.fr\/index.php\/wp-json\/wp\/v2\/pages\/848\/revisions\/1246"}],"wp:attachment":[{"href":"https:\/\/www.pierreterouanneformations.fr\/index.php\/wp-json\/wp\/v2\/media?parent=848"}],"curies":[{"name":"wp","href":"https:\/\/api.w.org\/{rel}","templated":true}]}}